{"id":299,"date":"2024-02-10T11:15:42","date_gmt":"2024-02-10T10:15:42","guid":{"rendered":"http:\/\/www.pchealth.at\/mesmerize\/"},"modified":"2024-06-25T10:41:57","modified_gmt":"2024-06-25T08:41:57","slug":"mesmerize","status":"publish","type":"page","link":"https:\/\/www.pchealth.at\/","title":{"rendered":"nextGen AI Cybersecurity"},"content":{"rendered":"<div  id=\"overlappable-4\" style=\"background-color: #ffffff;\" data-label=\"Overlappable\" data-id=\"overlappable-4\" data-export-id=\"overlappable-4\" data-category=\"overlappable\" class=\"overlappable-4 content-section content-section-spacing\" data-overlap=\"true\"><div  class=\"gridContainer\"> <div  data-type=\"row\" class=\"row spaced-cols text-center\"><div  class=\"col-xs-12 col-sm-4 col-padding\"> <i  class=\"fa icon fa-clone large shadow-large-black round aligncenter reverse color1\"><\/i> <div  data-type=\"column\" class=\"\"> <h5  class=\"\">IT ASSESSMENT<\/h5> <p  class=\"\">\u201eAnalyse und Katalogisierung der bestehenden Infrastruktur. Sie\u201c<\/p><\/div> <\/div> <div  class=\"col-xs-12 col-sm-4 col-padding\"> <i  class=\"fa icon fa-cogs large shadow-large-black round aligncenter reverse color1\"><\/i> <div  data-type=\"column\" class=\"\"><h5  class=\"\">Define Critical Services<\/h5> <p  class=\"\">\u201eEmpfehlungen zur Definition und Absicherung kritischer bzw. unverzichtbarer Gesch\u00e4ftsprozesse.\u201c<\/p><\/div> <\/div> <div  class=\"col-xs-12 col-sm-4 col-padding\"> <i  class=\"fa icon fa-magic large shadow-large-black round aligncenter reverse color1\"><\/i> <div  data-type=\"column\" class=\"\"><h5  class=\"\">Ma\u00dfnahmenplan und Patchmanagement<\/h5> <p  class=\"\">\u201eErstellung eines Ma\u00dfnahmenplans im Falle eines Vorfalls. Zudem erhalten Sie Empfehlungen f\u00fcr das zuk\u00fcnftige Patchmanagement.\u201c<\/p><\/div> <\/div><\/div> <\/div><\/div><div  id=\"about-1\" style=\"background-color: #f5fafd;\" data-label=\"About\" data-id=\"about-1\" data-export-id=\"about-1\" data-category=\"about\" class=\"about-1 content-section\"><div  class=\"gridContainer\"> <div  class=\"row text-center\"><div  class=\"section-title-col\" data-type=\"column\"> <h5  class=\"\">STAY SECURE IN A ONLINE WORLD<\/h5> <h2  class=\"\">\u201eSichern Sie Ihre Daten, Kommunikation und mobile Ger\u00e4te: Unverzichtbarer Schutz f\u00fcr Ihr Unternehmen.\u201c<\/h2> <p  class=\"lead\">\u201eVertrauen ist gut, Sicherheit ist besser. Mit der zunehmenden Digitalisierung werden wichtige Daten, Kommunikation und mobile Endger\u00e4te zu unverzichtbaren Elementen f\u00fcr Unternehmen. Doch gleichzeitig steigt die Gefahr von Cyberbedrohungen und Datenverlusten exponentiell an. Daher ist es von entscheidender Bedeutung, diese Assets zu sch\u00fctzen.\u201c<\/p><\/div> <\/div> <div  class=\"row\"> <div  class=\"button-holder space-bottom space-bottom-small\" data-type=\"column\"> <a class=\"button color1\" href=\"#kontact-1\" target=\"_self\" data-cp-link=\"1\" rel=\"noopener\">GET STARTED NOW<\/a><\/div> <div  class=\"col-xs bottom-xs flexbox image-group-bottom-3-img space-bottom-xs center-xs\"> <img  decoding=\"async\" class=\"left-img shadow-large-black\" data-size=\"500x300\" src=\"https:\/\/www.pchealth.at\/wp-content\/plugins\/mesmerize-companion\/theme-data\/mesmerize\/sections\/images\/computer-2569652.jpg\"> <img  decoding=\"async\" class=\"center-img shadow-large-black\" data-size=\"500x300\" src=\"https:\/\/www.pchealth.at\/wp-content\/plugins\/mesmerize-companion\/theme-data\/mesmerize\/sections\/images\/apple-1838564.jpg\"> <img  decoding=\"async\" class=\"right-img shadow-large-black\" data-size=\"500x300\" src=\"https:\/\/www.pchealth.at\/wp-content\/plugins\/mesmerize-companion\/theme-data\/mesmerize\/sections\/images\/laptop-2559795.jpg\"><\/div> <\/div><\/div> <\/div><div  id=\"services\" style=\"background-color: #ffffff;\" data-label=\"Services\" data-id=\"features-12-card-bordered\" data-export-id=\"features-12-card-bordered\" data-category=\"features\" class=\"features-12-card-bordered content-section content-section-spacing \"><div  class=\"gridContainer\"> <div  class=\"row text-center\"><div  class=\"section-title-col\" data-type=\"column\"> <h2  class=\"\">A few things we\u2019re great at<\/h2> <p  class=\"lead\">Cybersicherheit im digitalen Zeitalter: Herausforderungen und L\u00f6sungen<br ><br >In einer zunehmend vernetzten Welt sind Unternehmen und Organisationen st\u00e4ndig Bedrohungen ausgesetzt. Cyberangriffe k\u00f6nnen verheerende Auswirkungen haben, von Datenverlust \u00fcber finanzielle Sch\u00e4den bis hin zu Rufsch\u00e4digung. Daher ist es von entscheidender Bedeutung, robuste Cybersicherheitsma\u00dfnahmen zu implementieren.<br ><br >Bedrohungslandschaft:<br >Die Bedrohungslandschaft hat sich stark ver\u00e4ndert. Fr\u00fcher waren Viren und W\u00fcrmer die Hauptgefahren. Heute sind es gezielte Angriffe wie Ransomware, Phishing und Zero-Day-Exploits.<br >Hacker nutzen Schwachstellen in Software, Netzwerken und  menschlichem Verhalten aus.<br ><br >Penetrationstests:<br >Penetrationstests sind unerl\u00e4sslich, um Schwachstellen zu identifizieren. Ethical Hacker simulieren Angriffe, um Sicherheitsl\u00fccken aufzudecken.<br >Regelm\u00e4\u00dfige Tests helfen, Sicherheitsrisiken zu minimieren.<br ><br >NIS2\/ISO27001:2002-Richtlinie:<br >Die NIS2-Richtlinie der EU verpflichtet Unternehmen, ihre Cybersicherheit zu verbessern.<br >Sie fordert die Meldung von Sicherheitsvorf\u00e4llen und die Umsetzung von Sicherheitsma\u00dfnahmen.<br ><br ><br >Security Awareness:<br >Mitarbeiter m\u00fcssen f\u00fcr Sicherheitsrisiken sensibilisiert werden. Schulungen und Richtlinien sind entscheidend.<br >Social Engineering-Angriffe k\u00f6nnen durch Aufkl\u00e4rung vermieden werden.<br ><br >Automatisierung und KI:<br >K\u00fcnstliche Intelligenz kann Anomalien erkennen und Bedrohungen proaktiv abwehren.<br >Automatisierte Sicherheitsma\u00dfnahmen beschleunigen Reaktionen auf Vorf\u00e4lle.<br >Investieren Sie in Cybersicherheit, um Ihr Unternehmen zu sch\u00fctzen. Wir stehen Ihnen gerne mit ma\u00dfgeschneiderten L\u00f6sungen zur Seite!\u201c<\/p><\/div> <\/div> <div  class=\"row spaced-cols\" data-type=\"row\"> <div  class=\"col-sm-6\"> <div  class=\"card row-card bordered y-move\"> <div  class=\"row\"> <div  class=\"col-sm-fit icon-column\"> <i  class=\"fa icon fa-connectdevelop round bordered color2\"><\/i> <\/div> <div  class=\"col-sm\" data-type=\"column\"> <h5  class=\"color2\">Physicher Layer<\/h5> <p  class=\"\">\u00dcberwachung von Zug\u00e4nge zur Ihrem Datacenter, Video\u00fcberwachung, Alamierung beim \u00d6ffnen von Server-Racks<\/p><\/div> <\/div><\/div> <\/div> <div  class=\"col-sm-6\"> <div  class=\"card row-card bordered y-move\"> <div  class=\"row\"> <div  class=\"col-sm-fit icon-column\"> <i  class=\"fa icon fa-codepen round bordered color2\"><\/i> <\/div> <div  class=\"col-sm\" data-type=\"column\"> <h5  class=\"color2\">\u00dcberwachung und Datenzugriff<\/h5> <p  class=\"\">Sch\u00fctzen Sie Ihre wichtigsten Assets \u2013 w\u00e4hlen Sie unsere Sicherheitsl\u00f6sungen f\u00fcr Daten, Kommunikation und mobile Endger\u00e4te, um Ihr Unternehmen vor den Gefahren der digitalen Welt zu sch\u00fctzen.\u201c<\/p><\/div> <\/div><\/div> <\/div> <div  class=\"col-sm-6\"> <div  class=\"card row-card bordered y-move\"> <div  class=\"row\"> <div  class=\"col-sm-fit icon-column\"> <i  class=\"fa icon fa-cube round bordered color2\"><\/i> <\/div> <div  class=\"col-sm\" data-type=\"column\"> <h5  class=\"color2\">Reporting und Patchmanagement<\/h5> <p  class=\"\">Mit unserem Patchmanagement- und Reporting-Service k\u00f6nnen Sie sich darauf verlassen, dass Ihre Systeme immer optimal gesch\u00fctzt sind und Sie stets \u00fcber den aktuellen Sicherheitsstatus informiert sind. Verlassen Sie sich auf unsere Expertise, um die Sicherheit Ihrer IT-Infrastruktur zu gew\u00e4hrleisten und potenzielle Sicherheitsrisiken zu minimieren.\u201c<\/p><\/div> <\/div><\/div> <\/div> <div  class=\"col-sm-6\"> <div  class=\"card row-card bordered y-move\"> <div  class=\"row\"> <div  class=\"col-sm-fit icon-column\"> <i  class=\"fa icon fa-database round bordered color2\"><\/i> <\/div> <div  class=\"col-sm\" data-type=\"column\"> <h5  class=\"color2\">Backup und DisasterRecovery&nbsp;<\/h5> <p  class=\"\">Verlassen Sie sich auf unsere Expertise und Erfahrung, um die Sicherheit und Verf\u00fcgbarkeit Ihrer Daten zu gew\u00e4hrleisten und Ihr Unternehmen vor den Auswirkungen von Datenverlust und Notf\u00e4llen zu sch\u00fctzen<\/p><\/div> <\/div><\/div> <\/div><\/div> <\/div><\/div><div  id=\"partner\" style=\"background-color: #f5fafd;\" data-label=\"Partner\" data-id=\"content-2\" data-export-id=\"content-2\" data-category=\"content\" class=\"content-2 content-section content-section-spacing\"><div > <div  class=\"row middle-xs\"><div  class=\"col-sm-5 bg-image shadow-large-black\" data-bg=\"image\" style=\"background-image: url(&quot;https:\/\/www.pchealth.at\/wp-content\/uploads\/2024\/02\/cropped-zero-trust-public-sector.png&quot;);\"><\/div> <div  class=\"col-sm-7 full-col-left-padding full-col-right-padding\"> <div  class=\"row\"> <div  data-type=\"column\" class=\"space-bottom-small content-title-col\"> <h5  class=\"\">&nbsp;Vendor Portfolie<\/h5> <h2  class=\"\">The Secret of Success<\/h2> <p  class=\"\"><br >Unser Ansatz beruht auf der Verwendung von perfekt aufeinander abgestimmten Komponenten und Hardware, die das Ergebnis langj\u00e4hriger Erfahrung und Expertise darstellen. Durch unsere umfangreiche Fachkenntnis haben wir ein tiefgreifendes Verst\u00e4ndnis f\u00fcr die Bed\u00fcrfnisse und Anforderungen unserer Kunden entwickelt. Diese Expertise flie\u00dft direkt in die Auswahl und Zusammenstellung der Komponenten ein, um sicherzustellen, dass sie optimal miteinander funktionieren und h\u00f6chste Leistung sowie Zuverl\u00e4ssigkeit bieten. Unsere langj\u00e4hrige Erfahrung erm\u00f6glicht es uns, nicht nur auf bew\u00e4hrte Technologien zur\u00fcckzugreifen, sondern auch innovative L\u00f6sungen zu entwickeln, die den Anforderungen unserer Kunden gerecht werden. So k\u00f6nnen wir sicherstellen, dass unsere Produkte und L\u00f6sungen nicht nur den aktuellen Standards entsprechen, sondern auch zukunftssicher sind und langfristig einen Mehrwert bieten.<\/p><\/div> <\/div> <div  class=\"row spaced-cols \" data-type=\"row\"> <div  class=\"col-xs-6\" data-type=\"column\"> <h5  class=\"\">Hardware<\/h5> <p  class=\"\">Unsere Systeme sind exklusiv auf Enterprise-L\u00f6sungen ausgerichtet, um unseren Kunden h\u00f6chste Leistung, Sicherheit und Zuverl\u00e4ssigkeit zu bieten.<\/p><\/div> <div  class=\"col-xs-6\" data-type=\"column\"><h5  class=\"\">Partner<\/h5> <p  class=\"\">Wir pflegen ausschlie\u00dflich Partnerschaften mit namhaften Unternehmen, um sicherzustellen, dass unsere L\u00f6sungen h\u00f6chsten Anspr\u00fcchen gerecht werden.<\/p><\/div> <div  class=\"col-xs-6\" data-type=\"column\"><h5  class=\"\">Endpoints<\/h5> <p  class=\"\">Unsere Enterprise-Endpoint-L\u00f6sungen bieten umfassenden Schutz f\u00fcr Endger\u00e4te, Netzwerke und Daten.<\/p><\/div> <div  class=\"col-xs-6\" data-type=\"column\"><h5  class=\"\">Compliance<\/h5> <p  class=\"\">Unsere L\u00f6sungen basieren auf langj\u00e4hrigen Erfahrungen und sind streng konform mit den geltenden Compliance-Vorschriften.<\/p><\/div> <\/div><\/div> <\/div><\/div> <\/div><div  data-label=\"About me\" data-id=\"content--1\" data-export-id=\"content-12\" data-category=\"content\" class=\"content-12 content-section content-section-spacing\" id=\"about-me\" style=\"background-color: rgb(255, 255, 255); background-image: none;\"><div  class=\"gridContainer\"> <div  class=\"row text-center\"><div  class=\"section-title-col\" data-type=\"column\"> <h2  class=\"\">\u00dcber mich<\/h2> <p  class=\"lead\">IT Freelancer im Berreich Cyber-Security, Network and System Engineer<\/p><\/div> <\/div> <div  class=\"row center-xs middle-xs\"> <div  class=\"col-sm-9\" data-type=\"column\"> <img  decoding=\"async\" class=\"shadow-large\" src=\"https:\/\/www.pchealth.at\/wp-content\/uploads\/2024\/02\/cropped-cropped-Bild1-1.jpg\" title=\"cropped-cropped-Bild1-1.jpg\" alt=\"\"><p  class=\"lead\"><span  style=\"color: rgb(142, 157, 174); font-size: 16px; background-color: rgb(255, 255, 255);\">Meine St\u00e4rken liegen in der Selbstorganisation. Ich bin darin erfahren, l\u00f6sungsorientiert zu arbeiten und kann flexibel auf Probleme oder Priorit\u00e4ts\u00e4nderungen reagieren.\n<br >Meine Fachgebiete umfassen IT-Sicherheit SOC (Azure, M365, Fortinet, verschiedene Firewall-Hersteller), Sicherheitsaudits, IT-Bewertungen, Zero-Touch-Bereitstellungen und L\u00f6sungsarchitekturen, einschlie\u00dflich der Datenkonsolidierung mit Tools wie Graylog, Kibana und Syslog als L\u00f6sungsarchitekt.<br >\n<br >Ich betrachte mich als gl\u00fccklich, dass ich meine pers\u00f6nlichen Interessen zu meinem Beruf gemacht habe. F\u00fcr mich ist die Arbeit in der IT nicht nur eine Pflicht, sondern eine Leidenschaft.<\/span><\/p><\/div> <\/div><\/div> <\/div><div  id=\"kontact-1\" data-label=\"Contact\" data-id=\"contact-1\" data-export-id=\"contact-1\" data-category=\"contact\" class=\"contact-1 content-section content-section-spacing white-text\" data-parallax-depth=\"20\"><div  class=\"\"> <div  class=\"row text-center\"><div  class=\"section-title-col\" data-type=\"column\"> <h2  class=\"\">Contact me<\/h2> <p  class=\"lead\">Wenn Sie Fragen haben oder weitere Details ben\u00f6tigen, z\u00f6gern Sie bitte nicht, mich zu kontaktieren. Ich stehe Ihnen gerne zur Verf\u00fcgung.<\/p><\/div> <\/div> <div  class=\"row text-center\"> <div  class=\"col-xs-12 col-sm-8 col-sm-offset-2 contact-form-wrapper inline-info\"> <div  class=\"card large-padding\"> <div  class=\"\" data-content-shortcode=\"mesmerize_contact_form shortcode=&quot;kaliform id=&amp;amp;quot;59&amp;amp;quot;&quot;\" data-editable=\"true\"><form  class=\"kaliforms-form-container bootstrap-wrapper rounded-borders input-with-bg \" data-form-id=\"59\" style=\"opacity:0\"><div id=\"kaliforms-global-error-message-59\" class=\"global-error-message\"><\/div><div class=\"row kali-form-field-row\"><div class=\"col-12 col-md-12 \"><span  data-internal-id=\"freetext1\" type=\"freeText\" id=\"name\" name=\"freeText\">Name<\/span><\/div><\/div><div class=\"row kali-form-field-row\"><div class=\"col-12 col-md-6 \"><label  for=\"first-name\">First Name <span class=\"kali-required-mark\">*<\/span><\/label><input  data-internal-id=\"textbox2\" type=\"text\" id=\"first-name\" name=\"first-name\" data-properties.type=\"text\" required ><\/div><div class=\"col-12 col-md-6 \"><label  for=\"last-name\">Last Name <span class=\"kali-required-mark\">*<\/span><\/label><input  data-internal-id=\"textbox3\" type=\"text\" id=\"last-name\" name=\"last-name\" data-properties.type=\"text\" required ><\/div><\/div><div class=\"row kali-form-field-row\"><div class=\"col-12 col-md-12 \"><label  for=\"telephone7\">Telephone <span class=\"kali-required-mark\">*<\/span><\/label><input  data-internal-id=\"telephone7\" type=\"tel\" id=\"telephone7\" name=\"telephone\"required  data-format=\"free\"  class=\"input\"><\/div><\/div><div class=\"row kali-form-field-row\"><div class=\"col-12 col-md-12 \"><label  for=\"email\">Email <span class=\"kali-required-mark\">*<\/span><\/label><input  data-internal-id=\"textbox4\" type=\"text\" id=\"email\" name=\"email\" data-properties.type=\"text\" required ><\/div><\/div><div class=\"row kali-form-field-row\"><div class=\"col-12 col-md-12 \"><label  for=\"message\">Message <span class=\"kali-required-mark\">*<\/span><\/label><textarea  data-internal-id=\"textarea5\" type=\"textarea\" id=\"message\" name=\"message\"required  rows=\"20\" class=\"input\"><\/textarea><\/div><\/div><div class=\"row kali-form-field-row\"><div class=\"col-12 col-md-12 \"><input  data-internal-id=\"submitbutton6\" type=\"submit\" id=\"submit\" class=\"input\" value=\"Send message\" ><\/div><\/div><label class=\"khpfield\" for=\"kf-name-field\"><input class=\"khpfield\" id=\"kf-name-field\" name=\"kf-name-field\" autocomplete=\"off\" type=\"textbox\" \/><\/label><label class=\"khpfield\" for=\"kf-email-field\"><input class=\"khpfield\" id=\"kf-email-field\" name=\"kf-email-field\" autocomplete=\"off\" type=\"textbox\" \/><\/label><input type=\"hidden\" name=\"ip_address\" readonly value=\"216.73.216.215\" \/><!-- This form was built using Kali Forms --><\/form><\/div><\/div> <\/div><\/div> <\/div><\/div>","protected":false},"excerpt":{"rendered":"<p>IT ASSESSMENT \u201eAnalyse und Katalogisierung der bestehenden Infrastruktur. Sie\u201c Define Critical Services \u201eEmpfehlungen zur Definition und Absicherung kritischer bzw. unverzichtbarer Gesch\u00e4ftsprozesse.\u201c Ma\u00dfnahmenplan und Patchmanagement \u201eErstellung eines Ma\u00dfnahmenplans im Falle eines Vorfalls. Zudem erhalten Sie Empfehlungen f\u00fcr das zuk\u00fcnftige Patchmanagement.\u201c STAY SECURE IN A ONLINE WORLD \u201eSichern Sie Ihre Daten, Kommunikation und mobile Ger\u00e4te: Unverzichtbarer Schutz&hellip; <br \/> <a class=\"read-more\" href=\"https:\/\/www.pchealth.at\/\">Weiterlesen<\/a><\/p>\n","protected":false},"author":1,"featured_media":0,"parent":0,"menu_order":0,"comment_status":"closed","ping_status":"closed","template":"page-templates\/homepage.php","meta":{"footnotes":""},"class_list":["post-299","page","type-page","status-publish","hentry"],"acf":[],"jetpack_sharing_enabled":true,"_links":{"self":[{"href":"https:\/\/www.pchealth.at\/index.php?rest_route=\/wp\/v2\/pages\/299","targetHints":{"allow":["GET"]}}],"collection":[{"href":"https:\/\/www.pchealth.at\/index.php?rest_route=\/wp\/v2\/pages"}],"about":[{"href":"https:\/\/www.pchealth.at\/index.php?rest_route=\/wp\/v2\/types\/page"}],"author":[{"embeddable":true,"href":"https:\/\/www.pchealth.at\/index.php?rest_route=\/wp\/v2\/users\/1"}],"replies":[{"embeddable":true,"href":"https:\/\/www.pchealth.at\/index.php?rest_route=%2Fwp%2Fv2%2Fcomments&post=299"}],"version-history":[{"count":40,"href":"https:\/\/www.pchealth.at\/index.php?rest_route=\/wp\/v2\/pages\/299\/revisions"}],"predecessor-version":[{"id":887,"href":"https:\/\/www.pchealth.at\/index.php?rest_route=\/wp\/v2\/pages\/299\/revisions\/887"}],"wp:attachment":[{"href":"https:\/\/www.pchealth.at\/index.php?rest_route=%2Fwp%2Fv2%2Fmedia&parent=299"}],"curies":[{"name":"wp","href":"https:\/\/api.w.org\/{rel}","templated":true}]}}